{"id":12,"date":"2016-05-25T06:27:00","date_gmt":"2016-05-25T06:27:00","guid":{"rendered":"http:\/\/localhost\/foda\/?page_id=12"},"modified":"2018-06-25T13:16:51","modified_gmt":"2018-06-25T16:16:51","slug":"importancia-del-analisis-foda-empresas","status":"publish","type":"page","link":"https:\/\/www.matrizfoda.com\/dafo\/que-es-la-matriz-foda\/importancia-del-analisis-foda-empresas\/","title":{"rendered":"Importancia del an\u00e1lisis FODA para empresas"},"content":{"rendered":"<h2>Importancia del an\u00e1lisis FODA para la toma de decisiones en las empresas.<\/h2>\n<p>La toma de decisiones es un proceso cotidiano mediante el cual se realiza una elecci\u00f3n entre diferentes alternativas a los efectos de resolver las m\u00e1s variadas situaciones a nivel laboral, familiar, sentimental, empresarial, etc., es decir, en todo momento se deben toman decisiones.<\/p>\n<p>Para realizar una acertada toma de decisi\u00f3n sobre un tema en particular, es necesario conocerlo, comprenderlo y analizarlo, para as\u00ed poder darle soluci\u00f3n. Es importante recordar que \u201csin problema no puede existir una soluci\u00f3n\u201d.<\/p>\n<p>Por lo anterior, y antes de tomar cualquier decisi\u00f3n, las empresas deber\u00edan analizar la situaci\u00f3n teniendo en cuenta la realidad particular de lo que se est\u00e1 analizando, las posibles alternativas a elegir, el costo de oportunidad de elegir cada una de las alternativas posibles, y las consecuencias futuras de cada elecci\u00f3n.<\/p>\n<p>Lo significativo y preocupante, es que existe una gran cantidad de empresas que enfrentan sus problemas tomando decisiones de forma autom\u00e1tica e irracional (no estrat\u00e9gica), y no tienen en cuenta que el resultado de una mala o buena elecci\u00f3n puede tener consecuencias en el \u00e9xito o fracaso de la empresa.<\/p>\n<p>Las organizaciones deber\u00edan realizar un proceso m\u00e1s estructurado que les pueda dar m\u00e1s informaci\u00f3n y seguridad para la toma de decisiones y as\u00ed reducir el riesgo de cometer errores. El proceso que deber\u00edan utilizar las empresas para conocer su situaci\u00f3n real es la Matriz de an\u00e1lisis FODA.<\/p>\n<p>La importancia de confeccionar y trabajar con una matriz de an\u00e1lisis FODA reside en que este proceso nos permite buscar y analizar, de forma proactiva y sistem\u00e1tica, todas las variables que intervienen en el negocio con el fin de tener m\u00e1s y mejor informaci\u00f3n al momento de tomar decisiones.<\/p>\n<p>Si bien la herramienta estrat\u00e9gica ideal para plasmar la misi\u00f3n, la visi\u00f3n, las metas, los objetivos y las estrategias de una empresa es el Plan de Negocios, realizando correctamente el an\u00e1lisis FODA se pueden establecer las estrategias Ofensivas, Defensivas, de Supervivencia y de Reordenamiento necesarias para cumplir con los objetivos empresariales planteados.<\/p>\n<p><script async src=\"\/\/pagead2.googlesyndication.com\/pagead\/js\/adsbygoogle.js\"><\/script><br \/>\n<!-- mfoda --><br \/>\n<ins class=\"adsbygoogle\" style=\"display: block;\" data-ad-client=\"ca-pub-7231934256016476\" data-ad-slot=\"9857952541\" data-ad-format=\"auto\"><\/ins><br \/>\n<script>\n(adsbygoogle = window.adsbygoogle || []).push({});\n<\/script><\/p>\n<p>Aqu\u00ed se ofrece una pr\u00e1ctica planilla para realizar de forma correcta y ordenada el an\u00e1lisis FODA.<\/p>\n<table border=\"1\" width=\"450\">\n<tbody>\n<tr>\n<td width=\"133\">Fortalezas<\/td>\n<td width=\"301\">Debilidades<\/td>\n<\/tr>\n<tr>\n<td>F1-<\/p>\n<p>F2 &#8211;<\/p>\n<p>F3 &#8211;<\/td>\n<td>\n<p align=\"JUSTIFY\">Variables estructurales internas de dif\u00edcil eliminaci\u00f3n o reducci\u00f3n (estrategias a largo plazo)<\/p>\n<p align=\"JUSTIFY\">D-<\/p>\n<p align=\"JUSTIFY\">D-<\/p>\n<\/td>\n<\/tr>\n<tr>\n<td>Oportunidades<\/td>\n<td>Amenazas<\/td>\n<\/tr>\n<tr>\n<td rowspan=\"2\">O1-<\/p>\n<p>O2-<\/p>\n<p>O3-<\/td>\n<td>\n<p align=\"JUSTIFY\">Permanentes<\/p>\n<p align=\"JUSTIFY\">(no asociadas a nuestras debilidades)<\/p>\n<p align=\"JUSTIFY\">A-<\/p>\n<p align=\"JUSTIFY\">A-<\/p>\n<\/td>\n<\/tr>\n<tr>\n<td>\n<p align=\"JUSTIFY\">Circunstanciales<\/p>\n<p align=\"JUSTIFY\">(asociadas a nuestras debilidades)<\/p>\n<p align=\"JUSTIFY\">A1-<\/p>\n<p align=\"JUSTIFY\">A2-<\/p>\n<\/td>\n<\/tr>\n<\/tbody>\n<\/table>\n<p>&nbsp;<\/p>\n<p>Una vez completada la planilla con las variables correspondientes a cada factor, el paso siguiente es el an\u00e1lisis de las mismas y la preparaci\u00f3n de las estrategias de acci\u00f3n correspondiente a la realidad evidenciada.<\/p>\n<p>La forma de presentaci\u00f3n m\u00e1s acertada de la formulaci\u00f3n de estrategias es la siguiente:<\/p>\n<p>Estrategias (E):<\/p>\n<ul>\n<li>E1.-<\/li>\n<li>E2.-<\/li>\n<li>E3.-<\/li>\n<li>E4.-<\/li>\n<li>E5.-<\/li>\n<\/ul>\n<p>Al momento de escribir las diferentes estrategias se deben colocar las referencias de las variables analizadas en la planilla FODA correspondientes a los factores (fortalezas, debilidades, oportunidades y amenazas)<\/p>\n<p>Ej:<br \/>\nEn la planilla de an\u00e1lisis en Debilidades encontramos:<br \/>\nD1.- personal ap\u00e1tico, poco comprometido con los resultados de la empresa<\/p>\n<p><strong>Estrategias:<\/strong><br \/>\nE1.- (para D1) preparar programas de capacitaci\u00f3n y motivaci\u00f3n de personal<\/p>\n<hr \/>\n<p>Esperamos que este material haya servido para atender sus inquietudes y satisfacer sus necesidades de informaci\u00f3n y conocimiento sobre el tema.<\/p>\n<p>En caso de necesitar ayuda para la confecci\u00f3n de un an\u00e1lisis FODA profesional, visite nuestro apartado servicios.<\/p>\n<p>Si tiene sugerencias que puedan ser \u00fatiles y constructivas para mejorar esta informaci\u00f3n, no dude en enviarnos sus aportes.<\/p>\n<p>&nbsp;<\/p>\n<p style=\"text-align: right;\"><a href=\"http:\/\/analisisfoda.net\/\" target=\"_blank\" rel=\"noopener\">\u00bfC\u00f3mo hacer un An\u00e1lisis FODA? &#8211;&gt;<\/a><\/p>\n","protected":false},"excerpt":{"rendered":"<p>Importancia del an\u00e1lisis FODA para la toma de decisiones en las empresas. La toma de decisiones es un proceso cotidiano mediante el cual se realiza una elecci\u00f3n entre diferentes alternativas a los efectos de resolver&#8230;<\/p>\n","protected":false},"author":1,"featured_media":0,"parent":5,"menu_order":0,"comment_status":"closed","ping_status":"closed","template":"","meta":{"footnotes":""},"class_list":["post-12","page","type-page","status-publish","hentry"],"_links":{"self":[{"href":"https:\/\/www.matrizfoda.com\/dafo\/wp-json\/wp\/v2\/pages\/12","targetHints":{"allow":["GET"]}}],"collection":[{"href":"https:\/\/www.matrizfoda.com\/dafo\/wp-json\/wp\/v2\/pages"}],"about":[{"href":"https:\/\/www.matrizfoda.com\/dafo\/wp-json\/wp\/v2\/types\/page"}],"author":[{"embeddable":true,"href":"https:\/\/www.matrizfoda.com\/dafo\/wp-json\/wp\/v2\/users\/1"}],"replies":[{"embeddable":true,"href":"https:\/\/www.matrizfoda.com\/dafo\/wp-json\/wp\/v2\/comments?post=12"}],"version-history":[{"count":3,"href":"https:\/\/www.matrizfoda.com\/dafo\/wp-json\/wp\/v2\/pages\/12\/revisions"}],"predecessor-version":[{"id":107,"href":"https:\/\/www.matrizfoda.com\/dafo\/wp-json\/wp\/v2\/pages\/12\/revisions\/107"}],"up":[{"embeddable":true,"href":"https:\/\/www.matrizfoda.com\/dafo\/wp-json\/wp\/v2\/pages\/5"}],"wp:attachment":[{"href":"https:\/\/www.matrizfoda.com\/dafo\/wp-json\/wp\/v2\/media?parent=12"}],"curies":[{"name":"wp","href":"https:\/\/api.w.org\/{rel}","templated":true}]}}