{"id":19,"date":"2016-05-25T06:34:23","date_gmt":"2016-05-25T06:34:23","guid":{"rendered":"http:\/\/localhost\/foda\/?page_id=19"},"modified":"2016-05-25T06:34:23","modified_gmt":"2016-05-25T06:34:23","slug":"quienes-son-nuestros-clientes","status":"publish","type":"page","link":"https:\/\/www.matrizfoda.com\/dafo\/quienes-son-nuestros-clientes\/","title":{"rendered":"\u00bfQui\u00e9nes son nuestros clientes?"},"content":{"rendered":"<p>Esta metodolog\u00eda de trabajo es ideal para peque\u00f1os y medianos empresarios con recursos moderados, dado que es r\u00e1pida, econ\u00f3mica y, dependiendo del empresario, muy efectiva.<\/p>\n","protected":false},"excerpt":{"rendered":"<p>Esta metodolog\u00eda de trabajo es ideal para peque\u00f1os y medianos empresarios con recursos moderados, dado que es r\u00e1pida, econ\u00f3mica y, dependiendo del empresario, muy efectiva.<\/p>\n","protected":false},"author":1,"featured_media":0,"parent":0,"menu_order":0,"comment_status":"closed","ping_status":"closed","template":"","meta":{"footnotes":""},"class_list":["post-19","page","type-page","status-publish","hentry"],"_links":{"self":[{"href":"https:\/\/www.matrizfoda.com\/dafo\/wp-json\/wp\/v2\/pages\/19","targetHints":{"allow":["GET"]}}],"collection":[{"href":"https:\/\/www.matrizfoda.com\/dafo\/wp-json\/wp\/v2\/pages"}],"about":[{"href":"https:\/\/www.matrizfoda.com\/dafo\/wp-json\/wp\/v2\/types\/page"}],"author":[{"embeddable":true,"href":"https:\/\/www.matrizfoda.com\/dafo\/wp-json\/wp\/v2\/users\/1"}],"replies":[{"embeddable":true,"href":"https:\/\/www.matrizfoda.com\/dafo\/wp-json\/wp\/v2\/comments?post=19"}],"version-history":[{"count":0,"href":"https:\/\/www.matrizfoda.com\/dafo\/wp-json\/wp\/v2\/pages\/19\/revisions"}],"wp:attachment":[{"href":"https:\/\/www.matrizfoda.com\/dafo\/wp-json\/wp\/v2\/media?parent=19"}],"curies":[{"name":"wp","href":"https:\/\/api.w.org\/{rel}","templated":true}]}}