{"id":31,"date":"2016-05-25T06:35:58","date_gmt":"2016-05-25T09:35:58","guid":{"rendered":"http:\/\/localhost\/foda\/?page_id=26"},"modified":"2018-07-03T20:53:43","modified_gmt":"2018-07-03T23:53:43","slug":"analisis-foda-para-negocios-y-empresas","status":"publish","type":"page","link":"https:\/\/www.matrizfoda.com\/dafo\/que-es-la-matriz-foda\/analisis-foda-para-negocios-y-empresas\/","title":{"rendered":"An\u00e1lisis FODA para negocios y empresas"},"content":{"rendered":"<p><strong>Nuestro servicio incluye:<\/strong><\/p>\n<ul>\n<li>An\u00e1lisis de la situaci\u00f3n presentada por usted.<\/li>\n<li>Preparaci\u00f3n y env\u00edo de un cuestionario ajustado a su negocio.<\/li>\n<li>An\u00e1lisis de todas las variables.<\/li>\n<li>Propuestas creativas para mejorar su situaci\u00f3n.<\/li>\n<li>Preparaci\u00f3n un informe estrat\u00e9gico detallado<\/li>\n<\/ul>\n<p><strong>Inversi\u00f3n requerida:<\/strong><\/p>\n<p>El precio de los honorarios del An\u00e1lisis FODA Profesional es: us$147 (o su equivalente en moneda local)<\/p>\n<p><strong>Metodolog\u00eda de trabajo<\/strong><\/p>\n<p><strong><u>Paso 1: Contrataci\u00f3n:<\/u><\/strong><\/p>\n<p>Contratar nuestro servicio de An\u00e1lisis FODA Profesional<\/p>\n<p>Para ello debes completar el siguiente <u><a class=\"eModal-2\" href=\"#\">formulario<\/a><\/u>.<\/p>\n<p><strong><u>Paso 2: Detecci\u00f3n de s\u00edntomas:<\/u><\/strong><\/p>\n<p>Luego de contratar nuestros servicios, debe enviarnos una descripci\u00f3n detallada de su empresa o producto que desea analizar. No debe dejar ning\u00fan detalle sin mencionar dado que ello nos permitir\u00e1 realizar un primer an\u00e1lisis.<\/p>\n<p><strong><u>Paso 3: Preguntas de chequeo:<\/u><\/strong><\/p>\n<p>Luego de analizar la informaci\u00f3n que usted nos proporcion\u00f3, enviaremos una serie de preguntas que deber\u00e1 responder para que podamos realizar un An\u00e1lisis FODA Profesional ajustado a la situaci\u00f3n de su negocio.<\/p>\n<p><strong><u>Paso 4: An\u00e1lisis FODA Profesional:<\/u><\/strong><\/p>\n<p>Una vez analizadas sus respuestas, y habiendo incorporado las mismas al an\u00e1lisis de la situaci\u00f3n de su empresa o producto, finalizaremos el trabajo ofreciendo las posibles alternativas estrat\u00e9gicas a tener en cuenta de cara al futuro.<\/p>\n<p><strong>Tiempo estimado del An\u00e1lisis FODA Profesional: <\/strong><\/p>\n<p>La primera etapa de an\u00e1lisis tendr\u00e1 una duraci\u00f3n de 72 hs, comenzando a contar desde la recepci\u00f3n de la informaci\u00f3n que usted nos env\u00ede. Cumplido este plazo, le enviaremos el cuestionario personalizado para que ampl\u00ede la informaci\u00f3n enviada.<\/p>\n<p>La segunda etapa del an\u00e1lisis tendr\u00e1 una duraci\u00f3n m\u00e1xima de 10 d\u00edas, comenzando a contar desde la recepci\u00f3n de las respuestas a las preguntas de chequeo. Cumplido este plazo, le enviaremos el informe final.<\/p>\n<p><strong>Beneficios de utilizar nuestros servicios<\/strong><\/p>\n<ul>\n<li>Aumenta sus ingresos<\/li>\n<li>Ahorra tiempo y dinero<\/li>\n<li>Gana experiencia en Marketing<\/li>\n<li>Aumenta su conocimiento del negocio<\/li>\n<li>No est\u00e1 solo en la dif\u00edcil tarea de decidir<\/li>\n<li>Eficiencia en las decisiones de marketing<\/li>\n<li>Conoce por anticipado el monto exacto de la inversi\u00f3n<\/li>\n<\/ul>\n","protected":false},"excerpt":{"rendered":"<p>Nuestro servicio incluye: An\u00e1lisis de la situaci\u00f3n presentada por usted. Preparaci\u00f3n y env\u00edo de un cuestionario ajustado a su negocio. An\u00e1lisis de todas las variables. Propuestas creativas para mejorar su situaci\u00f3n. Preparaci\u00f3n un informe estrat\u00e9gico&#8230;<\/p>\n","protected":false},"author":1,"featured_media":0,"parent":5,"menu_order":0,"comment_status":"closed","ping_status":"closed","template":"","meta":{"footnotes":""},"class_list":["post-31","page","type-page","status-publish","hentry"],"_links":{"self":[{"href":"https:\/\/www.matrizfoda.com\/dafo\/wp-json\/wp\/v2\/pages\/31","targetHints":{"allow":["GET"]}}],"collection":[{"href":"https:\/\/www.matrizfoda.com\/dafo\/wp-json\/wp\/v2\/pages"}],"about":[{"href":"https:\/\/www.matrizfoda.com\/dafo\/wp-json\/wp\/v2\/types\/page"}],"author":[{"embeddable":true,"href":"https:\/\/www.matrizfoda.com\/dafo\/wp-json\/wp\/v2\/users\/1"}],"replies":[{"embeddable":true,"href":"https:\/\/www.matrizfoda.com\/dafo\/wp-json\/wp\/v2\/comments?post=31"}],"version-history":[{"count":7,"href":"https:\/\/www.matrizfoda.com\/dafo\/wp-json\/wp\/v2\/pages\/31\/revisions"}],"predecessor-version":[{"id":111,"href":"https:\/\/www.matrizfoda.com\/dafo\/wp-json\/wp\/v2\/pages\/31\/revisions\/111"}],"up":[{"embeddable":true,"href":"https:\/\/www.matrizfoda.com\/dafo\/wp-json\/wp\/v2\/pages\/5"}],"wp:attachment":[{"href":"https:\/\/www.matrizfoda.com\/dafo\/wp-json\/wp\/v2\/media?parent=31"}],"curies":[{"name":"wp","href":"https:\/\/api.w.org\/{rel}","templated":true}]}}