{"id":5,"date":"2016-05-25T06:22:19","date_gmt":"2016-05-25T06:22:19","guid":{"rendered":"http:\/\/localhost\/foda\/?page_id=4"},"modified":"2018-06-20T21:13:26","modified_gmt":"2018-06-21T00:13:26","slug":"que-es-la-matriz-foda","status":"publish","type":"page","link":"https:\/\/www.matrizfoda.com\/dafo\/","title":{"rendered":"\u00bfQu\u00e9 es la Matriz FODA?"},"content":{"rendered":"<h2>La sigla FODA, es un acr\u00f3stico de Fortalezas (factores cr\u00edticos positivos con los que se cuenta), Oportunidades, (aspectos positivos que podemos aprovechar utilizando nuestras fortalezas), Debilidades, (factores cr\u00edticos negativos que se deben eliminar o reducir) y Amenazas, (aspectos negativos externos que podr\u00edan obstaculizar el logro de nuestros objetivos).<\/h2>\n<p>Tambi\u00e9n se puede encontrar en diferentes bibliograf\u00edas en castellano como \u201cMatriz de An\u00e1lisis DAFO\u201d, o bien \u201cSWOT Matrix\u201d en ingl\u00e9s.<\/p>\n<p><strong>DAFO:<\/strong> Debilidades, Amenazas, Fortalezas y Oportunidades<\/p>\n<p><strong>SWOT<\/strong> Strenghts, Weaknesses, Opportunities, Threats<\/p>\n<p>La matriz FODA es una herramienta de an\u00e1lisis que puede ser aplicada a cualquier situaci\u00f3n, individuo, producto, empresa, etc, que est\u00e9 actuando como objeto de estudio en un momento determinado del tiempo.<\/p>\n<p>Es como si se tomara una \u201cradiograf\u00eda\u201d de una situaci\u00f3n puntual de lo particular que se este estudiando. Las variables analizadas y lo que ellas representan en la matriz son particulares de ese momento. Luego de analizarlas, se deber\u00e1n tomar decisiones estrat\u00e9gicas para mejorar la situaci\u00f3n actual en el futuro.<\/p>\n<p>El an\u00e1lisis FODA es una herramienta que permite conformar un cuadro de la situaci\u00f3n actual del objeto de estudio (persona, empresa u organizaci\u00f3n, etc) permitiendo de esta manera obtener un diagn\u00f3stico preciso que permite, en funci\u00f3n de ello, tomar decisiones acordes con los objetivos y pol\u00edticas formulados.<\/p>\n<p>Luego de haber realizado el primer an\u00e1lisis FODA, se aconseja realizar sucesivos an\u00e1lisis de forma peri\u00f3dica teniendo como referencia el primero, con el prop\u00f3sito de conocer si estamos cumpliendo con los objetivos planteados en nuestra formulaci\u00f3n estrat\u00e9gica. Esto es aconsejable dado que las condiciones externas e internas son din\u00e1micas y algunos factores cambian con el paso del tiempo, mientras que otros sufren modificaciones m\u00ednimas.<\/p>\n<p>La frecuencia de estos an\u00e1lisis de actualizaci\u00f3n depender\u00e1 del tipo de objeto de estudio del cual se trate y en que contexto lo estamos analizando.<\/p>\n<p>En t\u00e9rminos del proceso de Marketing en particular, y de la administraci\u00f3n de empresas en general, diremos que la matriz FODA es el nexo que nos permite pasar del an\u00e1lisis de los ambientes interno y externo de la empresa hacia la formulaci\u00f3n y selecci\u00f3n de estrategias a seguir en el mercado.<\/p>\n<p>El objetivo primario del an\u00e1lisis FODA consiste en obtener conclusiones sobre la forma en que el objeto estudiado ser\u00e1 capaz de afrontar los cambios y las turbulencias en el contexto, (oportunidades y amenazas) a partir de sus fortalezas y debilidades internas.<\/p>\n<p>Ese constituye el primer paso esencial para realizar un correcto an\u00e1lisis FODA. Cumplido el mismo, el siguiente consiste en determinar las estrategias a seguir.<\/p>\n<p>Para comenzar un an\u00e1lisis FODA se debe hacer una distinci\u00f3n crucial entre las cuatro variables por separado y determinar que elementos corresponden a cada una.<\/p>\n<p>A su vez, en cada punto del tiempo en que se realice dicho an\u00e1lisis, resultar\u00eda aconsejable no s\u00f3lo construir la matriz FODA correspondiente al presente, sino tambi\u00e9n proyectar distintos escenarios de futuro con sus consiguientes matrices FODA y plantear estrategias alternativas.<\/p>\n<p>Tanto las fortalezas como las debilidades son internas de la organizaci\u00f3n, por lo que es posible actuar directamente sobre ellas. En cambio las oportunidades y las amenazas son externas, y solo se puede tener ingerencia sobre las ellas modificando los aspectos internos.<\/p>\n<p>&nbsp;<\/p>\n<p style=\"text-align: right;\"><script async src=\"\/\/pagead2.googlesyndication.com\/pagead\/js\/adsbygoogle.js\"><\/script><br \/>\n<!-- mfoda --><br \/>\n<ins class=\"adsbygoogle\" style=\"display: block;\" data-ad-client=\"ca-pub-7231934256016476\" data-ad-slot=\"9857952541\" data-ad-format=\"auto\"><\/ins><br \/>\n<script>\n(adsbygoogle = window.adsbygoogle || []).push({});\n<\/script><\/p>\n<p><strong>Fortalezas:<\/strong> son las capacidades especiales con que cuenta la empresa, y que le permite tener una posici\u00f3n privilegiada frente a la competencia. Recursos que se controlan, capacidades y habilidades que se poseen, actividades que se desarrollan positivamente, etc.<\/p>\n<p><strong>Oportunidades:<\/strong> son aquellos factores que resultan positivos, favorables, explotables, que se deben descubrir en el entorno en el que act\u00faa la empresa, y que permiten obtener ventajas competitivas.<\/p>\n<p><strong>Debilidades:<\/strong> son aquellos factores que provocan una posici\u00f3n desfavorable frente a la competencia, recursos de los que se carece, habilidades que no se poseen, actividades que no se desarrollan positivamente, etc.<\/p>\n<p><strong>Amenazas:<\/strong> son aquellas situaciones que provienen del entorno y que pueden llegar a atentar incluso contra la permanencia de la organizaci\u00f3n.<\/p>\n<p>A continuaci\u00f3n se enumeran diferentes ejemplos de las variables que debemos tener en cuenta al momento de analizar las fortalezas, las debilidades, las oportunidades y las amenazas.<\/p>\n<p>&nbsp;<\/p>\n<p style=\"text-align: right;\"><a href=\"http:\/\/www.matrizfoda.com\/dafo\/que-es-la-matriz-foda\/ejemplos-de-matriz-foda\/\">EJEMPLOS MATRIZ FODA &#8211;&gt;<\/a><\/p>\n","protected":false},"excerpt":{"rendered":"<p>La sigla FODA, es un acr\u00f3stico de Fortalezas (factores cr\u00edticos positivos con los que se cuenta), Oportunidades, (aspectos positivos que podemos aprovechar utilizando nuestras fortalezas), Debilidades, (factores cr\u00edticos negativos que se deben eliminar o reducir) y Amenazas, (aspectos negativos externos que podr\u00edan obstaculizar el logro de nuestros objetivos).<\/p>\n","protected":false},"author":1,"featured_media":35,"parent":0,"menu_order":0,"comment_status":"closed","ping_status":"closed","template":"","meta":{"footnotes":""},"class_list":["post-5","page","type-page","status-publish","has-post-thumbnail","hentry"],"_links":{"self":[{"href":"https:\/\/www.matrizfoda.com\/dafo\/wp-json\/wp\/v2\/pages\/5","targetHints":{"allow":["GET"]}}],"collection":[{"href":"https:\/\/www.matrizfoda.com\/dafo\/wp-json\/wp\/v2\/pages"}],"about":[{"href":"https:\/\/www.matrizfoda.com\/dafo\/wp-json\/wp\/v2\/types\/page"}],"author":[{"embeddable":true,"href":"https:\/\/www.matrizfoda.com\/dafo\/wp-json\/wp\/v2\/users\/1"}],"replies":[{"embeddable":true,"href":"https:\/\/www.matrizfoda.com\/dafo\/wp-json\/wp\/v2\/comments?post=5"}],"version-history":[{"count":10,"href":"https:\/\/www.matrizfoda.com\/dafo\/wp-json\/wp\/v2\/pages\/5\/revisions"}],"predecessor-version":[{"id":87,"href":"https:\/\/www.matrizfoda.com\/dafo\/wp-json\/wp\/v2\/pages\/5\/revisions\/87"}],"wp:featuredmedia":[{"embeddable":true,"href":"https:\/\/www.matrizfoda.com\/dafo\/wp-json\/wp\/v2\/media\/35"}],"wp:attachment":[{"href":"https:\/\/www.matrizfoda.com\/dafo\/wp-json\/wp\/v2\/media?parent=5"}],"curies":[{"name":"wp","href":"https:\/\/api.w.org\/{rel}","templated":true}]}}