{"id":93,"date":"2018-06-20T20:23:48","date_gmt":"2018-06-20T23:23:48","guid":{"rendered":"http:\/\/www.matrizfoda.com\/dafo\/?page_id=93"},"modified":"2018-06-20T20:41:41","modified_gmt":"2018-06-20T23:41:41","slug":"correccion-matriz-foda-para-estudiantes","status":"publish","type":"page","link":"https:\/\/www.matrizfoda.com\/dafo\/correccion-matriz-foda-para-estudiantes\/","title":{"rendered":"Correcci\u00f3n Matriz FODA para estudiantes"},"content":{"rendered":"<p><strong>Correcci\u00f3n de la Matriz de An\u00e1lisis FODA realizado por usted.<\/strong><\/p>\n<p><strong>Nuestro servicio incluye:<\/strong><\/p>\n<ul>\n<li>An\u00e1lisis de la situaci\u00f3n presentada.<\/li>\n<li>An\u00e1lisis de todas las variables.<\/li>\n<li>Preparaci\u00f3n de correcciones y sugerencias para que logres un An\u00e1lisis FODA adecuado a la situaci\u00f3n del negocio analizado.<\/li>\n<\/ul>\n<p><strong>Inversi\u00f3n requerida:<\/strong><\/p>\n<p>El precio de los honorarios de la Correcci\u00f3n del An\u00e1lisis FODA son fijos: us$7 (o su equivalente en moneda local)<\/p>\n<p>&nbsp;<\/p>\n<p><strong>\u00bfC\u00f3mo trabajamos?<\/strong><\/p>\n<p><strong><u>Paso 1: Contrataci\u00f3n:<\/u><\/strong><\/p>\n<p>Contratar nuestro servicio de Correcci\u00f3n del An\u00e1lisis FODA.<\/p>\n<p>Para ello debes completar el siguiente <u><a href=\"#\" class=\"eModal-2\">formulario<\/a><\/u>.<\/p>\n<p>&nbsp;<\/p>\n<p><strong><u>Paso 2: Env\u00edo de An\u00e1lisis FODA que t\u00fa has realizado:<\/u><\/strong><\/p>\n<p>Luego de contratar nuestros servicios, deber\u00e1s enviarnos tu mejor versi\u00f3n de la matriz FODA que hayas confeccionado, y una descripci\u00f3n detallada de la situaci\u00f3n, empresa o producto que est\u00e1s analizando. No debes dejar ning\u00fan detalle sin mencionar dado que ello nos permitir\u00e1 realizar las correcciones y\/o sugerencias pertinentes.<\/p>\n<p>&nbsp;<\/p>\n<p><strong><u>Paso 3: Correcci\u00f3n del An\u00e1lisis FODA<\/u><\/strong><\/p>\n<p>Luego de analizar la informaci\u00f3n que nos has enviado, haremos una devoluci\u00f3n con las correcciones y sugerencias para que logres un An\u00e1lisis FODA adecuado a la situaci\u00f3n del negocio analizado.<\/p>\n<p><strong>Tiempo estimado de la Correcci\u00f3n del An\u00e1lisis FODA: <\/strong><\/p>\n<p>El informe final ser\u00e1 enviado en un per\u00edodo menor a las 72hs (comenzando a contar desde la recepci\u00f3n del an\u00e1lisis FODA que t\u00fa nos env\u00edes)<\/p>\n","protected":false},"excerpt":{"rendered":"<p>Correcci\u00f3n de la Matriz de An\u00e1lisis FODA realizado por usted. Nuestro servicio incluye: An\u00e1lisis de la situaci\u00f3n presentada. An\u00e1lisis de todas las variables. Preparaci\u00f3n de correcciones y sugerencias para que logres un An\u00e1lisis FODA adecuado&#8230;<\/p>\n","protected":false},"author":1,"featured_media":0,"parent":0,"menu_order":0,"comment_status":"closed","ping_status":"closed","template":"","meta":{"footnotes":""},"class_list":["post-93","page","type-page","status-publish","hentry"],"_links":{"self":[{"href":"https:\/\/www.matrizfoda.com\/dafo\/wp-json\/wp\/v2\/pages\/93","targetHints":{"allow":["GET"]}}],"collection":[{"href":"https:\/\/www.matrizfoda.com\/dafo\/wp-json\/wp\/v2\/pages"}],"about":[{"href":"https:\/\/www.matrizfoda.com\/dafo\/wp-json\/wp\/v2\/types\/page"}],"author":[{"embeddable":true,"href":"https:\/\/www.matrizfoda.com\/dafo\/wp-json\/wp\/v2\/users\/1"}],"replies":[{"embeddable":true,"href":"https:\/\/www.matrizfoda.com\/dafo\/wp-json\/wp\/v2\/comments?post=93"}],"version-history":[{"count":2,"href":"https:\/\/www.matrizfoda.com\/dafo\/wp-json\/wp\/v2\/pages\/93\/revisions"}],"predecessor-version":[{"id":97,"href":"https:\/\/www.matrizfoda.com\/dafo\/wp-json\/wp\/v2\/pages\/93\/revisions\/97"}],"wp:attachment":[{"href":"https:\/\/www.matrizfoda.com\/dafo\/wp-json\/wp\/v2\/media?parent=93"}],"curies":[{"name":"wp","href":"https:\/\/api.w.org\/{rel}","templated":true}]}}